{"id":1198,"date":"2022-04-16T13:46:58","date_gmt":"2022-04-16T18:46:58","guid":{"rendered":"https:\/\/geoestudioslab.com.co\/?page_id=1198"},"modified":"2025-03-19T20:37:48","modified_gmt":"2025-03-20T01:37:48","slug":"nuestros-servicios-2","status":"publish","type":"page","link":"https:\/\/geoestudioslab.com.co\/?page_id=1198","title":{"rendered":"Nuestros servicios"},"content":{"rendered":"\n<h2>\n\t\tEstudio de suelos\n\t<\/h2>\n\t\t\t\t<img loading=\"lazy\" decoding=\"async\" src=\"https:\/\/geoestudioslab.com.co\/wp-content\/uploads\/2025\/03\/IMG_20250207_073543_738-scaled-e1742434592437.jpg\" alt=\"IMG_20250207_073543_738\" itemprop=\"image\" height=\"1378\" width=\"1868\" title=\"IMG_20250207_073543_738\" onerror=\"this.style.display='none'\"  \/>\n<p>El estudio de suelos es el proceso que nos permite conocer las propiedades f\u00edsicas, qu\u00edmicas y mec\u00e1nicas de los suelos, para desarrollar una planificaci\u00f3n, dise\u00f1o y ejecuci\u00f3n de una construcci\u00f3n o proyecto de ingenier\u00eda civil.<\/p>\n<p>Para la realizaci\u00f3n de estudios de suelos de categor\u00eda baja, media, especial, v\u00edas y puentes. Contamos con equipos de perforaci\u00f3n manual, equipo mec\u00e1nico a percusi\u00f3n y mec\u00e1nico a percusi\u00f3n y rotaci\u00f3n.<\/p>\n<h2>\n\t\tConcretos\n\t<\/h2>\n\t\t\t\t<img loading=\"lazy\" decoding=\"async\" src=\"https:\/\/geoestudioslab.com.co\/wp-content\/uploads\/2022\/04\/cropped-cropped-DSC_2966-scaled-e1649888041554.jpg\" alt=\"Estudio concretos\" itemprop=\"image\" height=\"1463\" width=\"1464\" title=\"Estudio concretos\" onerror=\"this.style.display='none'\"  \/>\n<p>Los ensayos al concreto son el primer paso del desarrollo constructivo que marcar\u00e1 la pauta para un veredicto de calidad y durabilidad de las estructuras construidas con este material.<\/p>\n<p>Contamos con equipo autom\u00e1tico doble rango para ensayos de cilindros de concretos, vigas, morteros y otros ensayos al concreto seg\u00fan norma ASTM y NTC.<\/p>\n<h2>\n\t\tTopograf\u00eda\n\t<\/h2>\n<h4>\n\t\tFotogrametr\u00eda con Drone\n\t<\/h4>\n\t<iframe loading=\"lazy\" width=\"725\" height=\"399\" src=\"https:\/\/www.youtube.com\/embed\/lN4J9qEaV3o\" title=\"YouTube video player\" frameborder=\"0\" allow=\"accelerometer; autoplay; clipboard-write; encrypted-media; gyroscope; picture-in-picture\" allowfullscreen><\/iframe>\nUnimos topograf\u00eda tradicional y levantamientos fotogram\u00e9tricos con drones, que nos permiten obtener modelos digitales del terreno con mucho m\u00e1s detalle y precisi\u00f3n. Contamos con sistemas RTK y estaciones completas. Esto nos permite referenciar todo tipo de elementos, construir y actualizar planos de diversos sistemas de redes.\n<h2>\n\t\tControl de calidad\n\t<\/h2>\n\t\t\t\t<img loading=\"lazy\" decoding=\"async\" src=\"https:\/\/geoestudioslab.com.co\/wp-content\/uploads\/2022\/04\/cropped-ae7dba20-fd49-4469-91fa-71825ba39260-e1650072241464.jpg\" alt=\"Control de calidad\" itemprop=\"image\" height=\"960\" width=\"960\" title=\"Control de calidad\" onerror=\"this.style.display='none'\"  \/>\n\tEl control de calidad de los materiales se realiza a trav\u00e9s de ensayos en laboratorio y pruebas en campo, para diagnosticar el cumplimiento de los par\u00e1metros y est\u00e1ndares requeridos para garantizar la calidad en los procesos constructivos.\n\n","protected":false},"excerpt":{"rendered":"<p>Estudio de suelos El estudio de suelos es el proceso que nos permite conocer las propiedades f\u00edsicas, qu\u00edmicas y mec\u00e1nicas de los suelos, para desarrollar una planificaci\u00f3n, dise\u00f1o y ejecuci\u00f3n de una construcci\u00f3n o proyecto de ingenier\u00eda civil. Para la realizaci\u00f3n de estudios de suelos de categor\u00eda baja, media, especial, v\u00edas y puentes. Contamos con [&hellip;]<\/p>\n","protected":false},"author":1,"featured_media":0,"parent":0,"menu_order":0,"comment_status":"closed","ping_status":"closed","template":"","meta":{"_monsterinsights_skip_tracking":false,"_monsterinsights_sitenote_active":false,"_monsterinsights_sitenote_note":"","_monsterinsights_sitenote_category":0,"_joinchat":[],"footnotes":""},"class_list":["post-1198","page","type-page","status-publish","hentry"],"aioseo_notices":[],"_links":{"self":[{"href":"https:\/\/geoestudioslab.com.co\/index.php?rest_route=\/wp\/v2\/pages\/1198","targetHints":{"allow":["GET"]}}],"collection":[{"href":"https:\/\/geoestudioslab.com.co\/index.php?rest_route=\/wp\/v2\/pages"}],"about":[{"href":"https:\/\/geoestudioslab.com.co\/index.php?rest_route=\/wp\/v2\/types\/page"}],"author":[{"embeddable":true,"href":"https:\/\/geoestudioslab.com.co\/index.php?rest_route=\/wp\/v2\/users\/1"}],"replies":[{"embeddable":true,"href":"https:\/\/geoestudioslab.com.co\/index.php?rest_route=%2Fwp%2Fv2%2Fcomments&post=1198"}],"version-history":[{"count":13,"href":"https:\/\/geoestudioslab.com.co\/index.php?rest_route=\/wp\/v2\/pages\/1198\/revisions"}],"predecessor-version":[{"id":1446,"href":"https:\/\/geoestudioslab.com.co\/index.php?rest_route=\/wp\/v2\/pages\/1198\/revisions\/1446"}],"wp:attachment":[{"href":"https:\/\/geoestudioslab.com.co\/index.php?rest_route=%2Fwp%2Fv2%2Fmedia&parent=1198"}],"curies":[{"name":"wp","href":"https:\/\/api.w.org\/{rel}","templated":true}]}}