{"id":1245,"date":"2022-04-16T14:31:52","date_gmt":"2022-04-16T19:31:52","guid":{"rendered":"https:\/\/geoestudioslab.com.co\/?page_id=1245"},"modified":"2022-04-19T09:36:14","modified_gmt":"2022-04-19T14:36:14","slug":"equipos-bb","status":"publish","type":"page","link":"https:\/\/geoestudioslab.com.co\/?page_id=1245","title":{"rendered":"Equipos"},"content":{"rendered":"\n<h2>\n\t\tEquipo Perforaci\u00f3n Mec\u00e1nico a Percusi\u00f3n y Rotaci\u00f3n\n\t<\/h2>\n\t\t\t\t<img loading=\"lazy\" decoding=\"async\" src=\"https:\/\/geoestudioslab.com.co\/wp-content\/uploads\/2022\/04\/cropped-16-scaled-e1649887848303-1.jpg\" alt=\"equipo perforacion\" itemprop=\"image\" height=\"611\" width=\"489\" title=\"equipo perforacion\" onerror=\"this.style.display='none'\"  \/>\n\t<p>El equipo de perforaci\u00f3n geot\u00e9cnico T-50, permite realizar perforaciones con recobro de muestras hasta de 50 metros de profundidad en di\u00e1metro NQ, su dise\u00f1o compacto le permite llegar a lugares o sitios de dif\u00edcil acceso. Perforaciones para edificaciones y puentes seg\u00fan Normas de ensayo NSR-10 Y CCP-14.<\/p>\n<h2>\n\t\tEquipo Autom\u00e1tico Para Ensayos De Corte Directo\n\t<\/h2>\n\t\t\t\t<img loading=\"lazy\" decoding=\"async\" src=\"https:\/\/geoestudioslab.com.co\/wp-content\/uploads\/2022\/04\/cropped-CorteDirecto2-scaled-e1650053819674.jpg\" alt=\"ensayo de corte directo\" itemprop=\"image\" height=\"1188\" width=\"999\" title=\"equipo de ensayo de corte directo\" onerror=\"this.style.display='none'\"  \/>\n\t<p>Dise\u00f1ado espec\u00edficamente para realizar y registrar los ensayos, en las etapas de consolidaci\u00f3n y corte. El software permite el registro de todos los par\u00e1metros del ensayo, la captura en tiempo real de los datos y la presentaci\u00f3n inmediata de curvas y resultados del ensayo. Normas: INV E 154 | NTC 1917 | ASTM D 3080 | AASHTO T236<\/p>\n<h2>\n\t\tCompresi\u00f3n Inconfinada\n\t<\/h2>\n\t\t\t\t<img loading=\"lazy\" decoding=\"async\" src=\"https:\/\/geoestudioslab.com.co\/wp-content\/uploads\/2022\/04\/cropped-CompresionInconfinada3-scaled-e1650053914380.jpg\" alt=\"Compresi\u00f3n Inconfinada\" itemprop=\"image\" height=\"800\" width=\"800\" title=\"Compresi\u00f3n Inconfinada\" onerror=\"this.style.display='none'\"  \/>\n\t<p>La M\u00e1quina para Ensayo de Compresi\u00f3n Inconfinada es un equipo dise\u00f1ado para aplicar cargas manualmente, mediante una biela acoplada a un dispositivo de engranajes situados en la base. Medici\u00f3n de desplazamiento o deformaci\u00f3n por medio de comparador de car\u00e1tula anal\u00f3gico de 0.01 mm x 1&#8243; con soporte. Normas ASTM D 2166 | INV E 152 | NTC 1527.<\/p>\n<h2>\n\t\tConsolidaci\u00f3n\n\t<\/h2>\n\t\t\t\t<img loading=\"lazy\" decoding=\"async\" src=\"https:\/\/geoestudioslab.com.co\/wp-content\/uploads\/2022\/04\/cropped-Consolidacion4-scaled-e1650053972196.jpg\" alt=\"Consolidaci\u00f3n\" itemprop=\"image\" height=\"1000\" width=\"999\" title=\"Consolidaci\u00f3n\" onerror=\"this.style.display='none'\"  \/>\n\t<p>El equipo para ensayos de consolidaci\u00f3n emplean pesas que, por medio de un brazo de palanca, aplican un esfuerzo a una muestra de suelo colocada en una celda (c\u00e1mara) est\u00e1ndar. La medici\u00f3n de la deformaci\u00f3n se realiza mediante un comparador de car\u00e1tula. Normas: INV E 151 | NTC 1967 | ASTM D 2435<\/p>\n<h2>\n\t\tMedidor De Cambio De Volumen De Suelo (Equipo Lambe)\n\t<\/h2>\n\t\t\t\t<img loading=\"lazy\" decoding=\"async\" src=\"https:\/\/geoestudioslab.com.co\/wp-content\/uploads\/2022\/04\/cropped-ExpansionLambe5-scaled-e1650054046640.jpg\" alt=\"Medidor De Cambio De Volumen De Suelo\" itemprop=\"image\" height=\"1087\" width=\"999\" title=\"Medidor De Cambio De Volumen De Suelo\" onerror=\"this.style.display='none'\"  \/>\n\t<p>Se utiliza para evaluar las condiciones potencialmente peligrosas de expansi\u00f3n o contracci\u00f3n en determinados suelos de arcilla en zonas residenciales o de desarrollo industrial. Celda de carga capacidad 4.5Kn Norma: INV E 120.<\/p>\n<h2>\n\t\tClasificaci\u00f3n De Suelos\n\t<\/h2>\n\t\t\t\t<img loading=\"lazy\" decoding=\"async\" src=\"https:\/\/geoestudioslab.com.co\/wp-content\/uploads\/2022\/04\/cropped-LImitesDeAtterberg-scaled-e1650054230318.jpg\" alt=\"Clasificaci\u00f3n De Suelos\" itemprop=\"image\" height=\"999\" width=\"999\" title=\"Clasificaci\u00f3n De Suelos\" onerror=\"this.style.display='none'\"  \/>\n\t<p>Equipo para determinar el l\u00edmite l\u00edquido, pl\u00e1stico y l\u00edmite de contracci\u00f3n de los suelos. Normas: ASSHTO T89| ASTM D 4318 | INV E 127 | NTC 1503 | ASTM D 427.<\/p>\n<h2>\n\t\tGravedad especifica\n\t<\/h2>\n\t\t\t\t<img loading=\"lazy\" decoding=\"async\" src=\"https:\/\/geoestudioslab.com.co\/wp-content\/uploads\/2022\/04\/cropped-GravedadEspecifcica6-scaled-e1650054294124.jpg\" alt=\"Gravedad especifica\" itemprop=\"image\" height=\"1000\" width=\"999\" title=\"Gravedad especifica\" onerror=\"this.style.display='none'\"  \/>\n\t<p>Equipo compuesto por picn\u00f3metros de 500ml, term\u00f3metro, balanza de 0.01g, bomba de vac\u00edo, lecheros y otros. Norma INV E 128.<\/p>\n<h2>\n\t\tHorno\n\t<\/h2>\n\t\t\t\t<img loading=\"lazy\" decoding=\"async\" src=\"https:\/\/geoestudioslab.com.co\/wp-content\/uploads\/2022\/04\/HornoSEcadoDeMuestra8-scaled.jpg\" alt=\"Horno\" itemprop=\"image\" height=\"2048\" width=\"2560\" title=\"Horno\" onerror=\"this.style.display='none'\"  \/>\n\t<p>Horno el\u00e9ctrico de laboratorio para el secado homog\u00e9neo de materiales por convecci\u00f3n mec\u00e1nica, con recirculaci\u00f3n forzada de aire. Capacidad de 198 Litros.<\/p>\n\n","protected":false},"excerpt":{"rendered":"<p>Equipo Perforaci\u00f3n Mec\u00e1nico a Percusi\u00f3n y Rotaci\u00f3n El equipo de perforaci\u00f3n geot\u00e9cnico T-50, permite realizar perforaciones con recobro de muestras hasta de 50 metros de profundidad en di\u00e1metro NQ, su dise\u00f1o compacto le permite llegar a lugares o sitios de dif\u00edcil acceso. Perforaciones para edificaciones y puentes seg\u00fan Normas de ensayo NSR-10 Y CCP-14. Equipo [&hellip;]<\/p>\n","protected":false},"author":1,"featured_media":0,"parent":0,"menu_order":0,"comment_status":"closed","ping_status":"closed","template":"","meta":{"_monsterinsights_skip_tracking":false,"_monsterinsights_sitenote_active":false,"_monsterinsights_sitenote_note":"","_monsterinsights_sitenote_category":0,"_joinchat":[],"footnotes":""},"class_list":["post-1245","page","type-page","status-publish","hentry"],"aioseo_notices":[],"_links":{"self":[{"href":"https:\/\/geoestudioslab.com.co\/index.php?rest_route=\/wp\/v2\/pages\/1245","targetHints":{"allow":["GET"]}}],"collection":[{"href":"https:\/\/geoestudioslab.com.co\/index.php?rest_route=\/wp\/v2\/pages"}],"about":[{"href":"https:\/\/geoestudioslab.com.co\/index.php?rest_route=\/wp\/v2\/types\/page"}],"author":[{"embeddable":true,"href":"https:\/\/geoestudioslab.com.co\/index.php?rest_route=\/wp\/v2\/users\/1"}],"replies":[{"embeddable":true,"href":"https:\/\/geoestudioslab.com.co\/index.php?rest_route=%2Fwp%2Fv2%2Fcomments&post=1245"}],"version-history":[{"count":4,"href":"https:\/\/geoestudioslab.com.co\/index.php?rest_route=\/wp\/v2\/pages\/1245\/revisions"}],"predecessor-version":[{"id":1360,"href":"https:\/\/geoestudioslab.com.co\/index.php?rest_route=\/wp\/v2\/pages\/1245\/revisions\/1360"}],"wp:attachment":[{"href":"https:\/\/geoestudioslab.com.co\/index.php?rest_route=%2Fwp%2Fv2%2Fmedia&parent=1245"}],"curies":[{"name":"wp","href":"https:\/\/api.w.org\/{rel}","templated":true}]}}