{"id":1252,"date":"2022-04-16T15:10:40","date_gmt":"2022-04-16T20:10:40","guid":{"rendered":"https:\/\/geoestudioslab.com.co\/?page_id=1252"},"modified":"2022-04-19T09:49:59","modified_gmt":"2022-04-19T14:49:59","slug":"contacto-2","status":"publish","type":"page","link":"https:\/\/geoestudioslab.com.co\/?page_id=1252","title":{"rendered":"Contacto"},"content":{"rendered":"\n<h2>\n\t\tContactanos a trav\u00e9s de:\n\t<\/h2>\n<h3>\n\t\tRedes Sociales\n\t<\/h3>\n<h3>\n\t\tFormulario de contacto\n\t<\/h3>\n<h2>\n\t\tO vis\u00edtanos en Popay\u00e1n\n\t<\/h2>\n\t\t\t\t<a href=\"https:\/\/www.google.com\/maps\/dir\/\/2.4351195,-76.6205906\/@2.4351546,-76.6206644,21z\/data=!4m2!4m1!3e0\" target=\"_blank\" rel=\"noopener\" itemprop=\"url\">\n\t\t\t\t<img loading=\"lazy\" decoding=\"async\" src=\"https:\/\/geoestudioslab.com.co\/wp-content\/uploads\/2022\/04\/ubigeoestudio.png\" alt=\"ubigeoestudio\" itemprop=\"image\" height=\"582\" width=\"1189\" title=\"ubigeoestudio\" onerror=\"this.style.display='none'\"  \/>\n\t\t\t\t<\/a>\n\n","protected":false},"excerpt":{"rendered":"<p>Contactanos a trav\u00e9s de: Redes Sociales Formulario de contacto O vis\u00edtanos en Popay\u00e1n<\/p>\n","protected":false},"author":1,"featured_media":0,"parent":0,"menu_order":0,"comment_status":"closed","ping_status":"closed","template":"","meta":{"_monsterinsights_skip_tracking":false,"_monsterinsights_sitenote_active":false,"_monsterinsights_sitenote_note":"","_monsterinsights_sitenote_category":0,"_joinchat":[],"footnotes":""},"class_list":["post-1252","page","type-page","status-publish","hentry"],"aioseo_notices":[],"_links":{"self":[{"href":"https:\/\/geoestudioslab.com.co\/index.php?rest_route=\/wp\/v2\/pages\/1252","targetHints":{"allow":["GET"]}}],"collection":[{"href":"https:\/\/geoestudioslab.com.co\/index.php?rest_route=\/wp\/v2\/pages"}],"about":[{"href":"https:\/\/geoestudioslab.com.co\/index.php?rest_route=\/wp\/v2\/types\/page"}],"author":[{"embeddable":true,"href":"https:\/\/geoestudioslab.com.co\/index.php?rest_route=\/wp\/v2\/users\/1"}],"replies":[{"embeddable":true,"href":"https:\/\/geoestudioslab.com.co\/index.php?rest_route=%2Fwp%2Fv2%2Fcomments&post=1252"}],"version-history":[{"count":7,"href":"https:\/\/geoestudioslab.com.co\/index.php?rest_route=\/wp\/v2\/pages\/1252\/revisions"}],"predecessor-version":[{"id":1371,"href":"https:\/\/geoestudioslab.com.co\/index.php?rest_route=\/wp\/v2\/pages\/1252\/revisions\/1371"}],"wp:attachment":[{"href":"https:\/\/geoestudioslab.com.co\/index.php?rest_route=%2Fwp%2Fv2%2Fmedia&parent=1252"}],"curies":[{"name":"wp","href":"https:\/\/api.w.org\/{rel}","templated":true}]}}