{"id":75,"date":"2022-03-31T09:49:26","date_gmt":"2022-03-31T14:49:26","guid":{"rendered":"http:\/\/192.168.101.2:8000\/?page_id=75"},"modified":"2022-04-16T14:20:09","modified_gmt":"2022-04-16T19:20:09","slug":"quienes-somos","status":"publish","type":"page","link":"https:\/\/geoestudioslab.com.co\/?page_id=75","title":{"rendered":"Quienes somos"},"content":{"rendered":"\n\n\t<p>Geoestudios Lab, es una empresa Caucana fundada en abril del a\u00f1o 2017, que presta sus servicios de laboratorio para la realizaci\u00f3n de estudios de suelos, control de calidad de materiales y concretos, en la rama de la ingenier\u00eda civil y afines, se cuenta con amplia planta f\u00edsica, equipos certificados, recurso humano calificado y con \u00e9tica profesional para emitir conceptos t\u00e9cnicos con base en la normatividad vigente que rige en Colombia. Con amplia experiencia en la realizaci\u00f3n de estudios de suelos para edificaciones y v\u00edas en el departamento del Cauca y departamentos vecinos.<\/p>\n<h2>\n\t\tMisi\u00f3n\n\t<\/h2>\n\t<p>Geoestudios Lab, tiene como misi\u00f3n brindar un servicio de calidad, cumplimiento y respaldo a nuestros clientes en los servicios de laboratorio prestados, siguiendo los procedimientos establecidos por norma que permitan cumplir con los requerimientos t\u00e9cnicos y satisfacer las necesidades de nuestros clientes.<\/p>\n<h2>\n\t\tVisi\u00f3n\n\t<\/h2>\n\t<p>En el 2026 Geoestudios Lab, ser\u00e1 una empresa l\u00edder y estar\u00e1 a la vanguardia en la prestaci\u00f3n de servicios de laboratorio en proyectos importantes a nivel local, teniendo a su vez participaci\u00f3n y reconocimiento a nivel regional.<\/p>\n<h2>\n\t\tPol\u00edticas de Calidad\n\t<\/h2>\n\t<p>Para Geoestudios Lab, su pol\u00edtica de calidad est\u00e1 concebida a satisfacer las necesidades de nuestros clientes, a trav\u00e9s de la prestaci\u00f3n de servicios de laboratorio; con calidad, responsabilidad y cumplimiento, bajo est\u00e1ndares y normas aplicables a nuestro campo, que nos permita consolidar y posicionar un liderazgo local y regional como laboratorio.<\/p>\n<h2>\n\t\tValores Corporativos\n\t<\/h2>\n\t<p>Para consolidar un buen entorno de trabajo y alcanzar las mejores relaciones interpersonales con nuestro recurso humano y clientes, Geoestudios Lab promueve la responsabilidad la integridad y el respeto. Valores que nos permitir\u00e1n ser competitivos, brindar servicios de calidad y alcanzar los objetivos planteados como organizaci\u00f3n.<\/p>\n\n","protected":false},"excerpt":{"rendered":"<p>Geoestudios Lab, es una empresa Caucana fundada en abril del a\u00f1o 2017, que presta sus servicios de laboratorio para la realizaci\u00f3n de estudios de suelos, control de calidad de materiales y concretos, en la rama de la ingenier\u00eda civil y afines, se cuenta con amplia planta f\u00edsica, equipos certificados, recurso humano calificado y con \u00e9tica [&hellip;]<\/p>\n","protected":false},"author":1,"featured_media":0,"parent":0,"menu_order":0,"comment_status":"closed","ping_status":"closed","template":"page-templates\/full-width-page.php","meta":{"_monsterinsights_skip_tracking":false,"_monsterinsights_sitenote_active":false,"_monsterinsights_sitenote_note":"","_monsterinsights_sitenote_category":0,"_joinchat":[],"footnotes":""},"class_list":["post-75","page","type-page","status-publish","hentry"],"aioseo_notices":[],"_links":{"self":[{"href":"https:\/\/geoestudioslab.com.co\/index.php?rest_route=\/wp\/v2\/pages\/75","targetHints":{"allow":["GET"]}}],"collection":[{"href":"https:\/\/geoestudioslab.com.co\/index.php?rest_route=\/wp\/v2\/pages"}],"about":[{"href":"https:\/\/geoestudioslab.com.co\/index.php?rest_route=\/wp\/v2\/types\/page"}],"author":[{"embeddable":true,"href":"https:\/\/geoestudioslab.com.co\/index.php?rest_route=\/wp\/v2\/users\/1"}],"replies":[{"embeddable":true,"href":"https:\/\/geoestudioslab.com.co\/index.php?rest_route=%2Fwp%2Fv2%2Fcomments&post=75"}],"version-history":[{"count":20,"href":"https:\/\/geoestudioslab.com.co\/index.php?rest_route=\/wp\/v2\/pages\/75\/revisions"}],"predecessor-version":[{"id":1243,"href":"https:\/\/geoestudioslab.com.co\/index.php?rest_route=\/wp\/v2\/pages\/75\/revisions\/1243"}],"wp:attachment":[{"href":"https:\/\/geoestudioslab.com.co\/index.php?rest_route=%2Fwp%2Fv2%2Fmedia&parent=75"}],"curies":[{"name":"wp","href":"https:\/\/api.w.org\/{rel}","templated":true}]}}